{"id":7141,"date":"2023-05-18T11:42:11","date_gmt":"2023-05-18T11:42:11","guid":{"rendered":"http:\/\/nemara.eu\/politica-privacidad\/"},"modified":"2023-05-24T10:29:25","modified_gmt":"2023-05-24T10:29:25","slug":"privacy-policy","status":"publish","type":"page","link":"https:\/\/nemara.eu\/en\/privacy-policy\/","title":{"rendered":"Privacy Policy"},"content":{"rendered":"\t\t<div data-elementor-type=\"wp-page\" data-elementor-id=\"7141\" class=\"elementor elementor-7141 elementor-5826\" data-elementor-post-type=\"page\">\n\t\t\t\t\t\t<section class=\"elementor-section elementor-top-section elementor-element elementor-element-9a4c200 ot-traditional elementor-section-boxed elementor-section-height-default elementor-section-height-default\" data-id=\"9a4c200\" data-element_type=\"section\" data-e-type=\"section\" data-settings=\"{&quot;background_background&quot;:&quot;classic&quot;}\">\n\t\t\t\t\t\t<div class=\"elementor-container elementor-column-gap-default\">\n\t\t\t\t\t<div class=\"elementor-column elementor-col-100 elementor-top-column elementor-element elementor-element-3fcfb9c ot-flex-column-vertical\" data-id=\"3fcfb9c\" data-element_type=\"column\" data-e-type=\"column\">\n\t\t\t<div class=\"elementor-widget-wrap elementor-element-populated\">\n\t\t\t\t\t\t<div class=\"elementor-element elementor-element-8e77825 elementor-widget elementor-widget-iheading\" data-id=\"8e77825\" data-element_type=\"widget\" data-e-type=\"widget\" data-widget_type=\"iheading.default\">\n\t\t\t\t<div class=\"elementor-widget-container\">\n\t\t\t\t\t\t\t<div class=\"ot-heading\">\r\n\t        <h1 class=\"main-heading\">Privacy Policy<\/h1>\t    <\/div>\r\n\t    \t\t\t\t<\/div>\n\t\t\t\t<\/div>\n\t\t\t\t\t<\/div>\n\t\t<\/div>\n\t\t\t\t\t<\/div>\n\t\t<\/section>\n\t\t\t\t<section class=\"elementor-section elementor-top-section elementor-element elementor-element-03e8150 ot-traditional elementor-section-boxed elementor-section-height-default elementor-section-height-default\" data-id=\"03e8150\" data-element_type=\"section\" data-e-type=\"section\">\n\t\t\t\t\t\t<div class=\"elementor-container elementor-column-gap-default\">\n\t\t\t\t\t<div class=\"elementor-column elementor-col-100 elementor-top-column elementor-element elementor-element-8f4e339 ot-flex-column-vertical\" data-id=\"8f4e339\" data-element_type=\"column\" data-e-type=\"column\">\n\t\t\t<div class=\"elementor-widget-wrap elementor-element-populated\">\n\t\t\t\t\t\t<div class=\"elementor-element elementor-element-8be9a03 elementor-widget elementor-widget-text-editor\" data-id=\"8be9a03\" data-element_type=\"widget\" data-e-type=\"widget\" data-widget_type=\"text-editor.default\">\n\t\t\t\t<div class=\"elementor-widget-container\">\n\t\t\t\t\t\t\t\t\t<h2>1. PRIVACY POLICY<\/h2>\t\t\t\t\t\t\t\t<\/div>\n\t\t\t\t<\/div>\n\t\t\t\t<div class=\"elementor-element elementor-element-3807e9a elementor-widget elementor-widget-text-editor\" data-id=\"3807e9a\" data-element_type=\"widget\" data-e-type=\"widget\" data-widget_type=\"text-editor.default\">\n\t\t\t\t<div class=\"elementor-widget-container\">\n\t\t\t\t\t\t\t\t\t<p>NEMARA RESEARCH, SL informs users of the website about its policy regarding the processing and protection of personal data of users and customers that may be collected by navigation or request for information through this website, as well as personal data available to NEMARA RESEARCH, SL collected by any other means or for any other reason.<\/p>\t\t\t\t\t\t\t\t<\/div>\n\t\t\t\t<\/div>\n\t\t\t\t<div class=\"elementor-element elementor-element-19ec689 elementor-widget elementor-widget-text-editor\" data-id=\"19ec689\" data-element_type=\"widget\" data-e-type=\"widget\" data-widget_type=\"text-editor.default\">\n\t\t\t\t<div class=\"elementor-widget-container\">\n\t\t\t\t\t\t\t\t\tIn this sense, NEMARA RESEARCH SL guarantees compliance with current regulations on personal data protection, reflected in the General Data Protection Regulation (EU) 2016\/679 and expresses its commitment to confidentiality and data security.\t\t\t\t\t\t\t\t<\/div>\n\t\t\t\t<\/div>\n\t\t\t\t<div class=\"elementor-element elementor-element-172c772 elementor-widget elementor-widget-text-editor\" data-id=\"172c772\" data-element_type=\"widget\" data-e-type=\"widget\" data-widget_type=\"text-editor.default\">\n\t\t\t\t<div class=\"elementor-widget-container\">\n\t\t\t\t\t\t\t\t\t<p>PERSON RESPONSIBLE FOR THE PROCESSING: NEMARA RESEARCH, SL, with registered office at Pol\u00edgono Industrial Can Jard\u00ed, Pasaje Liszt, 7 08191 Rub\u00ed (Barcelona), Spain and C.I.F. number B-59194928, Phone: +34 935882474. E-Mail: <a href=\"mailto:admin@nemara.eu\">admin@nemara.eu<\/a><\/p>\t\t\t\t\t\t\t\t<\/div>\n\t\t\t\t<\/div>\n\t\t\t\t\t<\/div>\n\t\t<\/div>\n\t\t\t\t\t<\/div>\n\t\t<\/section>\n\t\t\t\t<section class=\"elementor-section elementor-top-section elementor-element elementor-element-ab5577f ot-traditional elementor-section-boxed elementor-section-height-default elementor-section-height-default\" data-id=\"ab5577f\" data-element_type=\"section\" data-e-type=\"section\">\n\t\t\t\t\t\t<div class=\"elementor-container elementor-column-gap-default\">\n\t\t\t\t\t<div class=\"elementor-column elementor-col-100 elementor-top-column elementor-element elementor-element-7608a69 ot-flex-column-vertical\" data-id=\"7608a69\" data-element_type=\"column\" data-e-type=\"column\">\n\t\t\t<div class=\"elementor-widget-wrap elementor-element-populated\">\n\t\t\t\t\t\t<div class=\"elementor-element elementor-element-bbaafcc elementor-widget elementor-widget-text-editor\" data-id=\"bbaafcc\" data-element_type=\"widget\" data-e-type=\"widget\" data-widget_type=\"text-editor.default\">\n\t\t\t\t<div class=\"elementor-widget-container\">\n\t\t\t\t\t\t\t\t\t<h2>2. Data collection, purpose and processing<\/h2>\t\t\t\t\t\t\t\t<\/div>\n\t\t\t\t<\/div>\n\t\t\t\t<div class=\"elementor-element elementor-element-bd1956e elementor-widget elementor-widget-text-editor\" data-id=\"bd1956e\" data-element_type=\"widget\" data-e-type=\"widget\" data-widget_type=\"text-editor.default\">\n\t\t\t\t<div class=\"elementor-widget-container\">\n\t\t\t\t\t\t\t\t\tNEMARA RESEARCH SL has a duty to inform users of its website about the collection of personal data that can be carried out, either by sending an email or by filling out the forms included on the website. In this sense, NEMARA RESEARCH SL will be considered responsible for the processing of data collected by the means described above.\t\t\t\t\t\t\t\t<\/div>\n\t\t\t\t<\/div>\n\t\t\t\t<div class=\"elementor-element elementor-element-2efdfc5 elementor-widget elementor-widget-text-editor\" data-id=\"2efdfc5\" data-element_type=\"widget\" data-e-type=\"widget\" data-widget_type=\"text-editor.default\">\n\t\t\t\t<div class=\"elementor-widget-container\">\n\t\t\t\t\t\t\t\t\tIn turn, NEMARA RESEARCH SL informs users that the purpose of the processing of data collected includes: The attention of requests made by users, inclusion in the agenda of contacts, the provision of services and management of the business relationship, as well as sending information and offers that are assimilated to the information requested.\t\t\t\t\t\t\t\t<\/div>\n\t\t\t\t<\/div>\n\t\t\t\t<div class=\"elementor-element elementor-element-5014718 elementor-widget elementor-widget-text-editor\" data-id=\"5014718\" data-element_type=\"widget\" data-e-type=\"widget\" data-widget_type=\"text-editor.default\">\n\t\t\t\t<div class=\"elementor-widget-container\">\n\t\t\t\t\t\t\t\t\tYour data will be duly preserved and protected against loss or alteration of the information and unauthorized access while the business relationship exists and up to 5 years after it has ceased unless you tell us otherwise and provided that the current regulations allow the deletion of the data.\t\t\t\t\t\t\t\t<\/div>\n\t\t\t\t<\/div>\n\t\t\t\t\t<\/div>\n\t\t<\/div>\n\t\t\t\t\t<\/div>\n\t\t<\/section>\n\t\t\t\t<section class=\"elementor-section elementor-top-section elementor-element elementor-element-a550cb0 ot-traditional elementor-section-boxed elementor-section-height-default elementor-section-height-default\" data-id=\"a550cb0\" data-element_type=\"section\" data-e-type=\"section\">\n\t\t\t\t\t\t<div class=\"elementor-container elementor-column-gap-default\">\n\t\t\t\t\t<div class=\"elementor-column elementor-col-100 elementor-top-column elementor-element elementor-element-8715c15 ot-flex-column-vertical\" data-id=\"8715c15\" data-element_type=\"column\" data-e-type=\"column\">\n\t\t\t<div class=\"elementor-widget-wrap elementor-element-populated\">\n\t\t\t\t\t\t<div class=\"elementor-element elementor-element-b5bca32 elementor-widget elementor-widget-text-editor\" data-id=\"b5bca32\" data-element_type=\"widget\" data-e-type=\"widget\" data-widget_type=\"text-editor.default\">\n\t\t\t\t<div class=\"elementor-widget-container\">\n\t\t\t\t\t\t\t\t\t<h2>3. Communication of information to third parties<\/h2>\t\t\t\t\t\t\t\t<\/div>\n\t\t\t\t<\/div>\n\t\t\t\t<div class=\"elementor-element elementor-element-3697ac0 elementor-widget elementor-widget-text-editor\" data-id=\"3697ac0\" data-element_type=\"widget\" data-e-type=\"widget\" data-widget_type=\"text-editor.default\">\n\t\t\t\t<div class=\"elementor-widget-container\">\n\t\t\t\t\t\t\t\t\tNEMARA RESEARCH SL  informs users that their personal data will not be transferred or communicated to third party organizations, except that such transfer of data is covered by a legal obligation or when the provision of a service involves the need for a contractual relationship with a processor which will have been duly contracted with all the guarantees established by the General Regulation (EU) 2016\/679.\t\t\t\t\t\t\t\t<\/div>\n\t\t\t\t<\/div>\n\t\t\t\t\t<\/div>\n\t\t<\/div>\n\t\t\t\t\t<\/div>\n\t\t<\/section>\n\t\t\t\t<section class=\"elementor-section elementor-top-section elementor-element elementor-element-6dc07af ot-traditional elementor-section-boxed elementor-section-height-default elementor-section-height-default\" data-id=\"6dc07af\" data-element_type=\"section\" data-e-type=\"section\">\n\t\t\t\t\t\t<div class=\"elementor-container elementor-column-gap-default\">\n\t\t\t\t\t<div class=\"elementor-column elementor-col-100 elementor-top-column elementor-element elementor-element-278dec4 ot-flex-column-vertical\" data-id=\"278dec4\" data-element_type=\"column\" data-e-type=\"column\">\n\t\t\t<div class=\"elementor-widget-wrap elementor-element-populated\">\n\t\t\t\t\t\t<div class=\"elementor-element elementor-element-4f10840 elementor-widget elementor-widget-text-editor\" data-id=\"4f10840\" data-element_type=\"widget\" data-e-type=\"widget\" data-widget_type=\"text-editor.default\">\n\t\t\t\t<div class=\"elementor-widget-container\">\n\t\t\t\t\t\t\t\t\t<h2> 4. User rights<\/h2>\t\t\t\t\t\t\t\t<\/div>\n\t\t\t\t<\/div>\n\t\t\t\t<div class=\"elementor-element elementor-element-7660e43 elementor-widget elementor-widget-text-editor\" data-id=\"7660e43\" data-element_type=\"widget\" data-e-type=\"widget\" data-widget_type=\"text-editor.default\">\n\t\t\t\t<div class=\"elementor-widget-container\">\n\t\t\t\t\t\t\t\t\tThe General Regulation on the Protection of Personal Data (EU) 2016\/679, grants data subjects the possibility to exercise several rights related to the processing of their personal data.\t\t\t\t\t\t\t\t<\/div>\n\t\t\t\t<\/div>\n\t\t\t\t<div class=\"elementor-element elementor-element-a8a23a5 elementor-widget elementor-widget-text-editor\" data-id=\"a8a23a5\" data-element_type=\"widget\" data-e-type=\"widget\" data-widget_type=\"text-editor.default\">\n\t\t\t\t<div class=\"elementor-widget-container\">\n\t\t\t\t\t\t\t\t\tInsofar as the user&#8217;s data are processed or retained by NEMARA RESEARCH SL Users may exercise their rights of access, rectification, deletion, and opposition in accordance with the provisions of the current legal regulations on the protection of personal data.\t\t\t\t\t\t\t\t<\/div>\n\t\t\t\t<\/div>\n\t\t\t\t<div class=\"elementor-element elementor-element-cc0ffd0 elementor-widget elementor-widget-text-editor\" data-id=\"cc0ffd0\" data-element_type=\"widget\" data-e-type=\"widget\" data-widget_type=\"text-editor.default\">\n\t\t\t\t<div class=\"elementor-widget-container\">\n\t\t\t\t\t\t\t\t\tTo exercise these rights, the user must write to the following address: NEMARA RESEARCH SL, Pol\u00edgono Industrial Can Jard\u00ed,  Pasaje Liszt, 7 08191 Rub\u00ed (Barcelona), Spain, or by sending an email to: admin@nemara.eu, providing a photocopy of the documentation proving their identity (ID card or passport) in both cases.\t\t\t\t\t\t\t\t<\/div>\n\t\t\t\t<\/div>\n\t\t\t\t<div class=\"elementor-element elementor-element-127f8e1 elementor-widget elementor-widget-text-editor\" data-id=\"127f8e1\" data-element_type=\"widget\" data-e-type=\"widget\" data-widget_type=\"text-editor.default\">\n\t\t\t\t<div class=\"elementor-widget-container\">\n\t\t\t\t\t\t\t\t\tSuch communication must reflect the following information: Name and surname of the user, the address and supporting data and the request for the right you wish to exercise.\t\t\t\t\t\t\t\t<\/div>\n\t\t\t\t<\/div>\n\t\t\t\t<div class=\"elementor-element elementor-element-67d973c elementor-widget elementor-widget-text-editor\" data-id=\"67d973c\" data-element_type=\"widget\" data-e-type=\"widget\" data-widget_type=\"text-editor.default\">\n\t\t\t\t<div class=\"elementor-widget-container\">\n\t\t\t\t\t\t\t\t\tThe exercise of rights must be made by the user himself, his heir or by a person authorized as legal representative of the authorized. In such a case, documentation must be provided to prove this representation of the interested party, acceptance of the inheritance or powers of attorney.\t\t\t\t\t\t\t\t<\/div>\n\t\t\t\t<\/div>\n\t\t\t\t<div class=\"elementor-element elementor-element-b80a0b2 elementor-widget elementor-widget-text-editor\" data-id=\"b80a0b2\" data-element_type=\"widget\" data-e-type=\"widget\" data-widget_type=\"text-editor.default\">\n\t\t\t\t<div class=\"elementor-widget-container\">\n\t\t\t\t\t\t\t\t\tWe also inform you that you can file a complaint with the Spanish Data Protection Agency if you consider that your rights have been violated.\t\t\t\t\t\t\t\t<\/div>\n\t\t\t\t<\/div>\n\t\t\t\t\t<\/div>\n\t\t<\/div>\n\t\t\t\t\t<\/div>\n\t\t<\/section>\n\t\t\t\t<\/div>\n\t\t","protected":false},"excerpt":{"rendered":"<p>Privacy Policy 1. PRIVACY POLICY NEMARA RESEARCH, SL informs users of the website about its policy regarding the processing and protection of personal data of users and customers that may be collected by navigation or request for information through this website, as well as personal data available to NEMARA RESEARCH, SL collected by any other [&hellip;]<\/p>\n","protected":false},"author":1,"featured_media":0,"parent":0,"menu_order":0,"comment_status":"closed","ping_status":"closed","template":"elementor_header_footer","meta":{"footnotes":""},"class_list":["post-7141","page","type-page","status-publish","hentry"],"yoast_head":"<!-- This site is optimized with the Yoast SEO plugin v26.9 - https:\/\/yoast.com\/product\/yoast-seo-wordpress\/ -->\n<title>Privacy Policy - NEMARA<\/title>\n<meta name=\"robots\" content=\"index, follow, max-snippet:-1, max-image-preview:large, max-video-preview:-1\" \/>\n<link rel=\"canonical\" href=\"https:\/\/nemara.eu\/en\/privacy-policy\/\" \/>\n<meta property=\"og:locale\" content=\"en_US\" \/>\n<meta property=\"og:type\" content=\"article\" \/>\n<meta property=\"og:title\" content=\"Privacy Policy - NEMARA\" \/>\n<meta property=\"og:description\" content=\"Privacy Policy 1. PRIVACY POLICY NEMARA RESEARCH, SL informs users of the website about its policy regarding the processing and protection of personal data of users and customers that may be collected by navigation or request for information through this website, as well as personal data available to NEMARA RESEARCH, SL collected by any other [&hellip;]\" \/>\n<meta property=\"og:url\" content=\"https:\/\/nemara.eu\/en\/privacy-policy\/\" \/>\n<meta property=\"og:site_name\" content=\"NEMARA\" \/>\n<meta property=\"article:modified_time\" content=\"2023-05-24T10:29:25+00:00\" \/>\n<meta name=\"twitter:card\" content=\"summary_large_image\" \/>\n<meta name=\"twitter:label1\" content=\"Est. reading time\" \/>\n\t<meta name=\"twitter:data1\" content=\"3 minutes\" \/>\n<script type=\"application\/ld+json\" class=\"yoast-schema-graph\">{\"@context\":\"https:\/\/schema.org\",\"@graph\":[{\"@type\":\"WebPage\",\"@id\":\"https:\/\/nemara.eu\/en\/privacy-policy\/\",\"url\":\"https:\/\/nemara.eu\/en\/privacy-policy\/\",\"name\":\"Privacy Policy - NEMARA\",\"isPartOf\":{\"@id\":\"https:\/\/nemara.eu\/en\/#website\"},\"datePublished\":\"2023-05-18T11:42:11+00:00\",\"dateModified\":\"2023-05-24T10:29:25+00:00\",\"breadcrumb\":{\"@id\":\"https:\/\/nemara.eu\/en\/privacy-policy\/#breadcrumb\"},\"inLanguage\":\"en-US\",\"potentialAction\":[{\"@type\":\"ReadAction\",\"target\":[\"https:\/\/nemara.eu\/en\/privacy-policy\/\"]}]},{\"@type\":\"BreadcrumbList\",\"@id\":\"https:\/\/nemara.eu\/en\/privacy-policy\/#breadcrumb\",\"itemListElement\":[{\"@type\":\"ListItem\",\"position\":1,\"name\":\"Portada\",\"item\":\"https:\/\/nemara.eu\/en\/\"},{\"@type\":\"ListItem\",\"position\":2,\"name\":\"Privacy Policy\"}]},{\"@type\":\"WebSite\",\"@id\":\"https:\/\/nemara.eu\/en\/#website\",\"url\":\"https:\/\/nemara.eu\/en\/\",\"name\":\"NEMARA\",\"description\":\"Dise\u00f1amos, fabricamos y suministramos soluciones personalizadas para pol\u00edmeros\",\"publisher\":{\"@id\":\"https:\/\/nemara.eu\/en\/#organization\"},\"potentialAction\":[{\"@type\":\"SearchAction\",\"target\":{\"@type\":\"EntryPoint\",\"urlTemplate\":\"https:\/\/nemara.eu\/en\/?s={search_term_string}\"},\"query-input\":{\"@type\":\"PropertyValueSpecification\",\"valueRequired\":true,\"valueName\":\"search_term_string\"}}],\"inLanguage\":\"en-US\"},{\"@type\":\"Organization\",\"@id\":\"https:\/\/nemara.eu\/en\/#organization\",\"name\":\"NEMARA\",\"url\":\"https:\/\/nemara.eu\/en\/\",\"logo\":{\"@type\":\"ImageObject\",\"inLanguage\":\"en-US\",\"@id\":\"https:\/\/nemara.eu\/en\/#\/schema\/logo\/image\/\",\"url\":\"https:\/\/nemara.eu\/wp-content\/uploads\/2023\/05\/logo.png\",\"contentUrl\":\"https:\/\/nemara.eu\/wp-content\/uploads\/2023\/05\/logo.png\",\"width\":156,\"height\":40,\"caption\":\"NEMARA\"},\"image\":{\"@id\":\"https:\/\/nemara.eu\/en\/#\/schema\/logo\/image\/\"}}]}<\/script>\n<!-- \/ Yoast SEO plugin. -->","yoast_head_json":{"title":"Privacy Policy - NEMARA","robots":{"index":"index","follow":"follow","max-snippet":"max-snippet:-1","max-image-preview":"max-image-preview:large","max-video-preview":"max-video-preview:-1"},"canonical":"https:\/\/nemara.eu\/en\/privacy-policy\/","og_locale":"en_US","og_type":"article","og_title":"Privacy Policy - NEMARA","og_description":"Privacy Policy 1. PRIVACY POLICY NEMARA RESEARCH, SL informs users of the website about its policy regarding the processing and protection of personal data of users and customers that may be collected by navigation or request for information through this website, as well as personal data available to NEMARA RESEARCH, SL collected by any other [&hellip;]","og_url":"https:\/\/nemara.eu\/en\/privacy-policy\/","og_site_name":"NEMARA","article_modified_time":"2023-05-24T10:29:25+00:00","twitter_card":"summary_large_image","twitter_misc":{"Est. reading time":"3 minutes"},"schema":{"@context":"https:\/\/schema.org","@graph":[{"@type":"WebPage","@id":"https:\/\/nemara.eu\/en\/privacy-policy\/","url":"https:\/\/nemara.eu\/en\/privacy-policy\/","name":"Privacy Policy - NEMARA","isPartOf":{"@id":"https:\/\/nemara.eu\/en\/#website"},"datePublished":"2023-05-18T11:42:11+00:00","dateModified":"2023-05-24T10:29:25+00:00","breadcrumb":{"@id":"https:\/\/nemara.eu\/en\/privacy-policy\/#breadcrumb"},"inLanguage":"en-US","potentialAction":[{"@type":"ReadAction","target":["https:\/\/nemara.eu\/en\/privacy-policy\/"]}]},{"@type":"BreadcrumbList","@id":"https:\/\/nemara.eu\/en\/privacy-policy\/#breadcrumb","itemListElement":[{"@type":"ListItem","position":1,"name":"Portada","item":"https:\/\/nemara.eu\/en\/"},{"@type":"ListItem","position":2,"name":"Privacy Policy"}]},{"@type":"WebSite","@id":"https:\/\/nemara.eu\/en\/#website","url":"https:\/\/nemara.eu\/en\/","name":"NEMARA","description":"Dise\u00f1amos, fabricamos y suministramos soluciones personalizadas para pol\u00edmeros","publisher":{"@id":"https:\/\/nemara.eu\/en\/#organization"},"potentialAction":[{"@type":"SearchAction","target":{"@type":"EntryPoint","urlTemplate":"https:\/\/nemara.eu\/en\/?s={search_term_string}"},"query-input":{"@type":"PropertyValueSpecification","valueRequired":true,"valueName":"search_term_string"}}],"inLanguage":"en-US"},{"@type":"Organization","@id":"https:\/\/nemara.eu\/en\/#organization","name":"NEMARA","url":"https:\/\/nemara.eu\/en\/","logo":{"@type":"ImageObject","inLanguage":"en-US","@id":"https:\/\/nemara.eu\/en\/#\/schema\/logo\/image\/","url":"https:\/\/nemara.eu\/wp-content\/uploads\/2023\/05\/logo.png","contentUrl":"https:\/\/nemara.eu\/wp-content\/uploads\/2023\/05\/logo.png","width":156,"height":40,"caption":"NEMARA"},"image":{"@id":"https:\/\/nemara.eu\/en\/#\/schema\/logo\/image\/"}}]}},"_links":{"self":[{"href":"https:\/\/nemara.eu\/en\/wp-json\/wp\/v2\/pages\/7141","targetHints":{"allow":["GET"]}}],"collection":[{"href":"https:\/\/nemara.eu\/en\/wp-json\/wp\/v2\/pages"}],"about":[{"href":"https:\/\/nemara.eu\/en\/wp-json\/wp\/v2\/types\/page"}],"author":[{"embeddable":true,"href":"https:\/\/nemara.eu\/en\/wp-json\/wp\/v2\/users\/1"}],"replies":[{"embeddable":true,"href":"https:\/\/nemara.eu\/en\/wp-json\/wp\/v2\/comments?post=7141"}],"version-history":[{"count":5,"href":"https:\/\/nemara.eu\/en\/wp-json\/wp\/v2\/pages\/7141\/revisions"}],"predecessor-version":[{"id":7174,"href":"https:\/\/nemara.eu\/en\/wp-json\/wp\/v2\/pages\/7141\/revisions\/7174"}],"wp:attachment":[{"href":"https:\/\/nemara.eu\/en\/wp-json\/wp\/v2\/media?parent=7141"}],"curies":[{"name":"wp","href":"https:\/\/api.w.org\/{rel}","templated":true}]}}