{"id":7105,"date":"2023-05-10T14:57:03","date_gmt":"2023-05-10T14:57:03","guid":{"rendered":"http:\/\/nemara.eu\/colorantes-liquidos\/polcolor-2\/"},"modified":"2023-05-25T15:58:06","modified_gmt":"2023-05-25T15:58:06","slug":"polcolor-2","status":"publish","type":"page","link":"https:\/\/nemara.eu\/en\/liquid-colorants\/polcolor-2\/","title":{"rendered":"Polcolor"},"content":{"rendered":"\t\t<div data-elementor-type=\"wp-page\" data-elementor-id=\"7105\" class=\"elementor elementor-7105 elementor-5334\" data-elementor-post-type=\"page\">\n\t\t\t\t\t\t<section class=\"elementor-section elementor-top-section elementor-element elementor-element-9a4c200 ot-traditional elementor-section-boxed elementor-section-height-default elementor-section-height-default\" data-id=\"9a4c200\" data-element_type=\"section\" data-e-type=\"section\" data-settings=\"{&quot;background_background&quot;:&quot;classic&quot;}\">\n\t\t\t\t\t\t<div class=\"elementor-container elementor-column-gap-default\">\n\t\t\t\t\t<div class=\"elementor-column elementor-col-100 elementor-top-column elementor-element elementor-element-3fcfb9c ot-flex-column-vertical\" data-id=\"3fcfb9c\" data-element_type=\"column\" data-e-type=\"column\">\n\t\t\t<div class=\"elementor-widget-wrap elementor-element-populated\">\n\t\t\t\t\t\t<div class=\"elementor-element elementor-element-8e77825 elementor-widget elementor-widget-iheading\" data-id=\"8e77825\" data-element_type=\"widget\" data-e-type=\"widget\" data-widget_type=\"iheading.default\">\n\t\t\t\t<div class=\"elementor-widget-container\">\n\t\t\t\t\t\t\t<div class=\"ot-heading\">\r\n\t        <h1 class=\"main-heading\">Compatible colorants for many foaming systems<\/h1>\t    <\/div>\r\n\t    \t\t\t\t<\/div>\n\t\t\t\t<\/div>\n\t\t\t\t\t<\/div>\n\t\t<\/div>\n\t\t\t\t\t<\/div>\n\t\t<\/section>\n\t\t\t\t<section class=\"elementor-section elementor-top-section elementor-element elementor-element-03e8150 ot-traditional elementor-section-boxed elementor-section-height-default elementor-section-height-default\" data-id=\"03e8150\" data-element_type=\"section\" data-e-type=\"section\">\n\t\t\t\t\t\t<div class=\"elementor-container elementor-column-gap-default\">\n\t\t\t\t\t<div class=\"elementor-column elementor-col-50 elementor-top-column elementor-element elementor-element-8f4e339 ot-column-items-center ot-flex-column-vertical\" data-id=\"8f4e339\" data-element_type=\"column\" data-e-type=\"column\">\n\t\t\t<div class=\"elementor-widget-wrap elementor-element-populated\">\n\t\t\t\t\t\t<div class=\"elementor-element elementor-element-8be9a03 elementor-widget elementor-widget-text-editor\" data-id=\"8be9a03\" data-element_type=\"widget\" data-e-type=\"widget\" data-widget_type=\"text-editor.default\">\n\t\t\t\t<div class=\"elementor-widget-container\">\n\t\t\t\t\t\t\t\t\t<h2>COLORATION OF POLYURETHANES<\/h2>\t\t\t\t\t\t\t\t<\/div>\n\t\t\t\t<\/div>\n\t\t\t\t<div class=\"elementor-element elementor-element-d1cdb93 elementor-widget elementor-widget-text-editor\" data-id=\"d1cdb93\" data-element_type=\"widget\" data-e-type=\"widget\" data-widget_type=\"text-editor.default\">\n\t\t\t\t<div class=\"elementor-widget-container\">\n\t\t\t\t\t\t\t\t\tAt NEMARA we work with Polyurethanes.\t\t\t\t\t\t\t\t<\/div>\n\t\t\t\t<\/div>\n\t\t\t\t<div class=\"elementor-element elementor-element-679442c elementor-widget elementor-widget-text-editor\" data-id=\"679442c\" data-element_type=\"widget\" data-e-type=\"widget\" data-widget_type=\"text-editor.default\">\n\t\t\t\t<div class=\"elementor-widget-container\">\n\t\t\t\t\t\t\t\t\tWe manufacture the  <strong>POLCOLOR<\/strong>range of colorants, developed on polyol or low viscosity plasticizer base.\t\t\t\t\t\t\t\t<\/div>\n\t\t\t\t<\/div>\n\t\t\t\t<div class=\"elementor-element elementor-element-b001856 elementor-widget elementor-widget-text-editor\" data-id=\"b001856\" data-element_type=\"widget\" data-e-type=\"widget\" data-widget_type=\"text-editor.default\">\n\t\t\t\t<div class=\"elementor-widget-container\">\n\t\t\t\t\t\t\t\t\tIt offers high compatibility with foaming systems like:\n<ul>\n \t<li>RIGID<\/li>\n \t<li>FLEXIBLE<\/li>\n \t<li>INTEGRAL<\/li>\n \t<li>PROJECTION<\/li>\n<\/ul>\t\t\t\t\t\t\t\t<\/div>\n\t\t\t\t<\/div>\n\t\t\t\t\t<\/div>\n\t\t<\/div>\n\t\t\t\t<div class=\"elementor-column elementor-col-50 elementor-top-column elementor-element elementor-element-abfd1f0 ot-flex-column-vertical\" data-id=\"abfd1f0\" data-element_type=\"column\" data-e-type=\"column\">\n\t\t\t<div class=\"elementor-widget-wrap elementor-element-populated\">\n\t\t\t\t\t\t<div class=\"elementor-element elementor-element-3e37c72 animated-slow elementor-invisible elementor-widget elementor-widget-image\" data-id=\"3e37c72\" data-element_type=\"widget\" data-e-type=\"widget\" data-settings=\"{&quot;_animation&quot;:&quot;bounce&quot;}\" data-widget_type=\"image.default\">\n\t\t\t\t<div class=\"elementor-widget-container\">\n\t\t\t\t\t\t\t\t\t\t\t\t\t\t\t<img fetchpriority=\"high\" decoding=\"async\" width=\"1024\" height=\"905\" src=\"https:\/\/nemara.eu\/wp-content\/uploads\/2023\/05\/polcolor2-nemara-1024x905.jpg\" class=\"attachment-large size-large wp-image-6966\" alt=\"\" srcset=\"https:\/\/nemara.eu\/wp-content\/uploads\/2023\/05\/polcolor2-nemara-1024x905.jpg 1024w, https:\/\/nemara.eu\/wp-content\/uploads\/2023\/05\/polcolor2-nemara-300x265.jpg 300w, https:\/\/nemara.eu\/wp-content\/uploads\/2023\/05\/polcolor2-nemara-768x679.jpg 768w, https:\/\/nemara.eu\/wp-content\/uploads\/2023\/05\/polcolor2-nemara-720x636.jpg 720w, https:\/\/nemara.eu\/wp-content\/uploads\/2023\/05\/polcolor2-nemara.jpg 1056w\" sizes=\"(max-width: 1024px) 100vw, 1024px\" \/>\t\t\t\t\t\t\t\t\t\t\t\t\t\t\t<\/div>\n\t\t\t\t<\/div>\n\t\t\t\t\t<\/div>\n\t\t<\/div>\n\t\t\t\t\t<\/div>\n\t\t<\/section>\n\t\t\t\t<section class=\"elementor-section elementor-top-section elementor-element elementor-element-8ca28f8 ot-traditional elementor-section-boxed elementor-section-height-default elementor-section-height-default\" data-id=\"8ca28f8\" data-element_type=\"section\" data-e-type=\"section\" data-settings=\"{&quot;background_background&quot;:&quot;classic&quot;}\">\n\t\t\t\t\t\t<div class=\"elementor-container elementor-column-gap-default\">\n\t\t\t\t\t<div class=\"elementor-column elementor-col-100 elementor-top-column elementor-element elementor-element-0ff2fb4 ot-flex-column-vertical\" data-id=\"0ff2fb4\" data-element_type=\"column\" data-e-type=\"column\">\n\t\t\t<div class=\"elementor-widget-wrap elementor-element-populated\">\n\t\t\t\t\t\t<div class=\"elementor-element elementor-element-17c7812 elementor-widget elementor-widget-text-editor\" data-id=\"17c7812\" data-element_type=\"widget\" data-e-type=\"widget\" data-widget_type=\"text-editor.default\">\n\t\t\t\t<div class=\"elementor-widget-container\">\n\t\t\t\t\t\t\t\t\t<h2><span style=\"color: #ffffff;\">Contact us and our R&#038;D Department will study your needs.<\/span><\/h2>\t\t\t\t\t\t\t\t<\/div>\n\t\t\t\t<\/div>\n\t\t\t\t<div class=\"elementor-element elementor-element-fd9a69c elementor-widget elementor-widget-ictf7\" data-id=\"fd9a69c\" data-element_type=\"widget\" data-e-type=\"widget\" data-widget_type=\"ictf7.default\">\n\t\t\t\t<div class=\"elementor-widget-container\">\n\t\t\t\t\t<div class=\"elementor-shortcode engitech-cf7-0\">\n<div class=\"wpcf7 no-js\" id=\"wpcf7-f7451-o1\" lang=\"en-US\" dir=\"ltr\" data-wpcf7-id=\"7451\">\n<div class=\"screen-reader-response\"><p role=\"status\" aria-live=\"polite\" aria-atomic=\"true\"><\/p> <ul><\/ul><\/div>\n<form action=\"\/en\/wp-json\/wp\/v2\/pages\/7105#wpcf7-f7451-o1\" method=\"post\" class=\"wpcf7-form init 151089c201b7 cmatic-conn cmatic-aud-1 cmatic-mapd0-0 cmatic-v0974 cmatic-sent-0 cmatic-total-0\" aria-label=\"Contact form\" novalidate=\"novalidate\" data-status=\"init\">\n<fieldset class=\"hidden-fields-container\"><input type=\"hidden\" name=\"_wpcf7\" value=\"7451\" \/><input type=\"hidden\" name=\"_wpcf7_version\" value=\"6.1.4\" \/><input type=\"hidden\" name=\"_wpcf7_locale\" value=\"en_US\" \/><input type=\"hidden\" name=\"_wpcf7_unit_tag\" value=\"wpcf7-f7451-o1\" \/><input type=\"hidden\" name=\"_wpcf7_container_post\" value=\"0\" \/><input type=\"hidden\" name=\"_wpcf7_posted_data_hash\" value=\"\" \/><input type=\"hidden\" name=\"_wpcf7_recaptcha_response\" value=\"\" \/>\n<\/fieldset>\n<div id=\"responsive-form\" class=\"clearfix\">\n\t<div class=\"form-row\">\n\t\t<div class=\"column-half\">\n\t\t\t<p><label> Full name*<br \/>\n<span class=\"wpcf7-form-control-wrap\" data-name=\"your-name\"><input size=\"40\" maxlength=\"400\" class=\"wpcf7-form-control wpcf7-text wpcf7-validates-as-required\" autocomplete=\"name\" aria-required=\"true\" aria-invalid=\"false\" value=\"\" type=\"text\" name=\"your-name\" \/><\/span> <\/label>\n\t\t\t<\/p>\n\t\t<\/div>\n\t\t<div class=\"column-half\">\n\t\t\t<p><label> Company*<br \/>\n<span class=\"wpcf7-form-control-wrap\" data-name=\"your-company\"><input size=\"40\" maxlength=\"400\" class=\"wpcf7-form-control wpcf7-text wpcf7-validates-as-required\" aria-required=\"true\" aria-invalid=\"false\" value=\"\" type=\"text\" name=\"your-company\" \/><\/span> <\/label>\n\t\t\t<\/p>\n\t\t<\/div>\n\t<\/div>\n\t<div class=\"form-row\">\n\t\t<div class=\"column-half\">\n\t\t\t<p><label> Email*<br \/>\n<span class=\"wpcf7-form-control-wrap\" data-name=\"your-email\"><input size=\"40\" maxlength=\"400\" class=\"wpcf7-form-control wpcf7-email wpcf7-validates-as-required wpcf7-text wpcf7-validates-as-email\" autocomplete=\"email\" aria-required=\"true\" aria-invalid=\"false\" value=\"\" type=\"email\" name=\"your-email\" \/><\/span> <\/label>\n\t\t\t<\/p>\n\t\t<\/div>\n\t\t<div class=\"column-half\">\n\t\t\t<p><label> Phone number*<br \/>\n<span class=\"wpcf7-form-control-wrap\" data-name=\"tel-990\"><input size=\"40\" maxlength=\"400\" class=\"wpcf7-form-control wpcf7-tel wpcf7-validates-as-required wpcf7-text wpcf7-validates-as-tel\" aria-required=\"true\" aria-invalid=\"false\" value=\"\" type=\"tel\" name=\"tel-990\" \/><\/span> <\/label>\n\t\t\t<\/p>\n\t\t<\/div>\n\t<\/div>\n\t<div class=\"form-row\">\n\t\t<div class=\"column-full\">\n\t\t<\/div>\n\t<\/div>\n\t<div class=\"form-row\">\n\t\t<div class=\"column-full\">\n\t\t\t<p><label> Comment*<br \/>\n<span class=\"wpcf7-form-control-wrap\" data-name=\"your-message\"><textarea cols=\"40\" rows=\"10\" maxlength=\"2000\" class=\"wpcf7-form-control wpcf7-textarea\" aria-invalid=\"false\" name=\"your-message\"><\/textarea><\/span> <\/label>\n\t\t\t<\/p>\n\t\t<\/div>\n\t<\/div>\n\t<div class=\"form-row\">\n\t\t<div class=\"column-full\">\n\t\t\t<p><span class=\"wpcf7-form-control-wrap\" data-name=\"acceptance-736\"><span class=\"wpcf7-form-control wpcf7-acceptance\"><span class=\"wpcf7-list-item\"><label><input type=\"checkbox\" name=\"acceptance-736\" value=\"1\" aria-invalid=\"false\" \/><span class=\"wpcf7-list-item-label\">I have read and accept the <a href=\"\/politica-privacidad\">Privacy Policy<\/a>.<\/span><\/label><\/span><\/span><\/span>\n\t\t\t<\/p>\n\t\t<\/div>\n\t<\/div>\n\t<div class=\"form-row\">\n\t\t<div class=\"column-full\">\n\t\t\t<p><input class=\"wpcf7-form-control wpcf7-submit has-spinner\" type=\"submit\" value=\"Enviar\" \/>\n\t\t\t<\/p>\n\t\t<\/div>\n\t<\/div>\n<\/div><!--end responsive-form--><p style=\"display: none !important;\" class=\"akismet-fields-container\" data-prefix=\"_wpcf7_ak_\"><label>&#916;<textarea name=\"_wpcf7_ak_hp_textarea\" cols=\"45\" rows=\"8\" maxlength=\"100\"><\/textarea><\/label><input type=\"hidden\" id=\"ak_js_1\" name=\"_wpcf7_ak_js\" value=\"40\"\/><script>document.getElementById( \"ak_js_1\" ).setAttribute( \"value\", ( new Date() ).getTime() );<\/script><\/p><div class=\"wpcf7-response-output\" aria-hidden=\"true\"><\/div>\n<\/form>\n<\/div>\n<\/div>\t\t\t\t<\/div>\n\t\t\t\t<\/div>\n\t\t\t\t\t<\/div>\n\t\t<\/div>\n\t\t\t\t\t<\/div>\n\t\t<\/section>\n\t\t\t\t<\/div>\n\t\t","protected":false},"excerpt":{"rendered":"<p>Compatible colorants for many foaming systems COLORATION OF POLYURETHANES At NEMARA we work with Polyurethanes.We manufacture the POLCOLORrange of colorants, developed on polyol or low viscosity plasticizer base.It offers high compatibility with foaming systems like: RIGID FLEXIBLE INTEGRAL PROJECTION Contact us and our R&#038;D Department will study your needs. Nombre completo* Compa\u00f1\u00eda* Email* N\u00famero de [&hellip;]<\/p>\n","protected":false},"author":1,"featured_media":0,"parent":7090,"menu_order":0,"comment_status":"closed","ping_status":"closed","template":"elementor_header_footer","meta":{"footnotes":""},"class_list":["post-7105","page","type-page","status-publish","hentry"],"yoast_head":"<!-- This site is optimized with the Yoast SEO plugin v26.9 - https:\/\/yoast.com\/product\/yoast-seo-wordpress\/ -->\n<title>Polcolor - NEMARA<\/title>\n<meta name=\"robots\" content=\"index, follow, max-snippet:-1, max-image-preview:large, max-video-preview:-1\" \/>\n<link rel=\"canonical\" href=\"https:\/\/nemara.eu\/en\/liquid-colorants\/polcolor-2\/\" \/>\n<meta property=\"og:locale\" content=\"en_US\" \/>\n<meta property=\"og:type\" content=\"article\" \/>\n<meta property=\"og:title\" content=\"Polcolor - NEMARA\" \/>\n<meta property=\"og:description\" content=\"Compatible colorants for many foaming systems COLORATION OF POLYURETHANES At NEMARA we work with Polyurethanes.We manufacture the POLCOLORrange of colorants, developed on polyol or low viscosity plasticizer base.It offers high compatibility with foaming systems like: RIGID FLEXIBLE INTEGRAL PROJECTION Contact us and our R&#038;D Department will study your needs. Nombre completo* Compa\u00f1\u00eda* Email* N\u00famero de [&hellip;]\" \/>\n<meta property=\"og:url\" content=\"https:\/\/nemara.eu\/en\/liquid-colorants\/polcolor-2\/\" \/>\n<meta property=\"og:site_name\" content=\"NEMARA\" \/>\n<meta property=\"article:modified_time\" content=\"2023-05-25T15:58:06+00:00\" \/>\n<meta property=\"og:image\" content=\"https:\/\/nemara.eu\/wp-content\/uploads\/2023\/05\/polcolor2-nemara-1024x905.jpg\" \/>\n<meta name=\"twitter:card\" content=\"summary_large_image\" \/>\n<meta name=\"twitter:label1\" content=\"Est. reading time\" \/>\n\t<meta name=\"twitter:data1\" content=\"1 minute\" \/>\n<script type=\"application\/ld+json\" class=\"yoast-schema-graph\">{\"@context\":\"https:\/\/schema.org\",\"@graph\":[{\"@type\":\"WebPage\",\"@id\":\"https:\/\/nemara.eu\/en\/liquid-colorants\/polcolor-2\/\",\"url\":\"https:\/\/nemara.eu\/en\/liquid-colorants\/polcolor-2\/\",\"name\":\"Polcolor - NEMARA\",\"isPartOf\":{\"@id\":\"https:\/\/nemara.eu\/en\/#website\"},\"primaryImageOfPage\":{\"@id\":\"https:\/\/nemara.eu\/en\/liquid-colorants\/polcolor-2\/#primaryimage\"},\"image\":{\"@id\":\"https:\/\/nemara.eu\/en\/liquid-colorants\/polcolor-2\/#primaryimage\"},\"thumbnailUrl\":\"https:\/\/nemara.eu\/wp-content\/uploads\/2023\/05\/polcolor2-nemara-1024x905.jpg\",\"datePublished\":\"2023-05-10T14:57:03+00:00\",\"dateModified\":\"2023-05-25T15:58:06+00:00\",\"breadcrumb\":{\"@id\":\"https:\/\/nemara.eu\/en\/liquid-colorants\/polcolor-2\/#breadcrumb\"},\"inLanguage\":\"en-US\",\"potentialAction\":[{\"@type\":\"ReadAction\",\"target\":[\"https:\/\/nemara.eu\/en\/liquid-colorants\/polcolor-2\/\"]}]},{\"@type\":\"ImageObject\",\"inLanguage\":\"en-US\",\"@id\":\"https:\/\/nemara.eu\/en\/liquid-colorants\/polcolor-2\/#primaryimage\",\"url\":\"https:\/\/nemara.eu\/wp-content\/uploads\/2023\/05\/polcolor2-nemara-1024x905.jpg\",\"contentUrl\":\"https:\/\/nemara.eu\/wp-content\/uploads\/2023\/05\/polcolor2-nemara-1024x905.jpg\"},{\"@type\":\"BreadcrumbList\",\"@id\":\"https:\/\/nemara.eu\/en\/liquid-colorants\/polcolor-2\/#breadcrumb\",\"itemListElement\":[{\"@type\":\"ListItem\",\"position\":1,\"name\":\"Portada\",\"item\":\"https:\/\/nemara.eu\/en\/\"},{\"@type\":\"ListItem\",\"position\":2,\"name\":\"Liquid colorants\",\"item\":\"https:\/\/nemara.eu\/en\/liquid-colorants\/\"},{\"@type\":\"ListItem\",\"position\":3,\"name\":\"Polcolor\"}]},{\"@type\":\"WebSite\",\"@id\":\"https:\/\/nemara.eu\/en\/#website\",\"url\":\"https:\/\/nemara.eu\/en\/\",\"name\":\"NEMARA\",\"description\":\"Dise\u00f1amos, fabricamos y suministramos soluciones personalizadas para pol\u00edmeros\",\"publisher\":{\"@id\":\"https:\/\/nemara.eu\/en\/#organization\"},\"potentialAction\":[{\"@type\":\"SearchAction\",\"target\":{\"@type\":\"EntryPoint\",\"urlTemplate\":\"https:\/\/nemara.eu\/en\/?s={search_term_string}\"},\"query-input\":{\"@type\":\"PropertyValueSpecification\",\"valueRequired\":true,\"valueName\":\"search_term_string\"}}],\"inLanguage\":\"en-US\"},{\"@type\":\"Organization\",\"@id\":\"https:\/\/nemara.eu\/en\/#organization\",\"name\":\"NEMARA\",\"url\":\"https:\/\/nemara.eu\/en\/\",\"logo\":{\"@type\":\"ImageObject\",\"inLanguage\":\"en-US\",\"@id\":\"https:\/\/nemara.eu\/en\/#\/schema\/logo\/image\/\",\"url\":\"https:\/\/nemara.eu\/wp-content\/uploads\/2023\/05\/logo.png\",\"contentUrl\":\"https:\/\/nemara.eu\/wp-content\/uploads\/2023\/05\/logo.png\",\"width\":156,\"height\":40,\"caption\":\"NEMARA\"},\"image\":{\"@id\":\"https:\/\/nemara.eu\/en\/#\/schema\/logo\/image\/\"}}]}<\/script>\n<!-- \/ Yoast SEO plugin. -->","yoast_head_json":{"title":"Polcolor - NEMARA","robots":{"index":"index","follow":"follow","max-snippet":"max-snippet:-1","max-image-preview":"max-image-preview:large","max-video-preview":"max-video-preview:-1"},"canonical":"https:\/\/nemara.eu\/en\/liquid-colorants\/polcolor-2\/","og_locale":"en_US","og_type":"article","og_title":"Polcolor - NEMARA","og_description":"Compatible colorants for many foaming systems COLORATION OF POLYURETHANES At NEMARA we work with Polyurethanes.We manufacture the POLCOLORrange of colorants, developed on polyol or low viscosity plasticizer base.It offers high compatibility with foaming systems like: RIGID FLEXIBLE INTEGRAL PROJECTION Contact us and our R&#038;D Department will study your needs. Nombre completo* Compa\u00f1\u00eda* Email* N\u00famero de [&hellip;]","og_url":"https:\/\/nemara.eu\/en\/liquid-colorants\/polcolor-2\/","og_site_name":"NEMARA","article_modified_time":"2023-05-25T15:58:06+00:00","og_image":[{"url":"https:\/\/nemara.eu\/wp-content\/uploads\/2023\/05\/polcolor2-nemara-1024x905.jpg","type":"","width":"","height":""}],"twitter_card":"summary_large_image","twitter_misc":{"Est. reading time":"1 minute"},"schema":{"@context":"https:\/\/schema.org","@graph":[{"@type":"WebPage","@id":"https:\/\/nemara.eu\/en\/liquid-colorants\/polcolor-2\/","url":"https:\/\/nemara.eu\/en\/liquid-colorants\/polcolor-2\/","name":"Polcolor - NEMARA","isPartOf":{"@id":"https:\/\/nemara.eu\/en\/#website"},"primaryImageOfPage":{"@id":"https:\/\/nemara.eu\/en\/liquid-colorants\/polcolor-2\/#primaryimage"},"image":{"@id":"https:\/\/nemara.eu\/en\/liquid-colorants\/polcolor-2\/#primaryimage"},"thumbnailUrl":"https:\/\/nemara.eu\/wp-content\/uploads\/2023\/05\/polcolor2-nemara-1024x905.jpg","datePublished":"2023-05-10T14:57:03+00:00","dateModified":"2023-05-25T15:58:06+00:00","breadcrumb":{"@id":"https:\/\/nemara.eu\/en\/liquid-colorants\/polcolor-2\/#breadcrumb"},"inLanguage":"en-US","potentialAction":[{"@type":"ReadAction","target":["https:\/\/nemara.eu\/en\/liquid-colorants\/polcolor-2\/"]}]},{"@type":"ImageObject","inLanguage":"en-US","@id":"https:\/\/nemara.eu\/en\/liquid-colorants\/polcolor-2\/#primaryimage","url":"https:\/\/nemara.eu\/wp-content\/uploads\/2023\/05\/polcolor2-nemara-1024x905.jpg","contentUrl":"https:\/\/nemara.eu\/wp-content\/uploads\/2023\/05\/polcolor2-nemara-1024x905.jpg"},{"@type":"BreadcrumbList","@id":"https:\/\/nemara.eu\/en\/liquid-colorants\/polcolor-2\/#breadcrumb","itemListElement":[{"@type":"ListItem","position":1,"name":"Portada","item":"https:\/\/nemara.eu\/en\/"},{"@type":"ListItem","position":2,"name":"Liquid colorants","item":"https:\/\/nemara.eu\/en\/liquid-colorants\/"},{"@type":"ListItem","position":3,"name":"Polcolor"}]},{"@type":"WebSite","@id":"https:\/\/nemara.eu\/en\/#website","url":"https:\/\/nemara.eu\/en\/","name":"NEMARA","description":"Dise\u00f1amos, fabricamos y suministramos soluciones personalizadas para pol\u00edmeros","publisher":{"@id":"https:\/\/nemara.eu\/en\/#organization"},"potentialAction":[{"@type":"SearchAction","target":{"@type":"EntryPoint","urlTemplate":"https:\/\/nemara.eu\/en\/?s={search_term_string}"},"query-input":{"@type":"PropertyValueSpecification","valueRequired":true,"valueName":"search_term_string"}}],"inLanguage":"en-US"},{"@type":"Organization","@id":"https:\/\/nemara.eu\/en\/#organization","name":"NEMARA","url":"https:\/\/nemara.eu\/en\/","logo":{"@type":"ImageObject","inLanguage":"en-US","@id":"https:\/\/nemara.eu\/en\/#\/schema\/logo\/image\/","url":"https:\/\/nemara.eu\/wp-content\/uploads\/2023\/05\/logo.png","contentUrl":"https:\/\/nemara.eu\/wp-content\/uploads\/2023\/05\/logo.png","width":156,"height":40,"caption":"NEMARA"},"image":{"@id":"https:\/\/nemara.eu\/en\/#\/schema\/logo\/image\/"}}]}},"_links":{"self":[{"href":"https:\/\/nemara.eu\/en\/wp-json\/wp\/v2\/pages\/7105","targetHints":{"allow":["GET"]}}],"collection":[{"href":"https:\/\/nemara.eu\/en\/wp-json\/wp\/v2\/pages"}],"about":[{"href":"https:\/\/nemara.eu\/en\/wp-json\/wp\/v2\/types\/page"}],"author":[{"embeddable":true,"href":"https:\/\/nemara.eu\/en\/wp-json\/wp\/v2\/users\/1"}],"replies":[{"embeddable":true,"href":"https:\/\/nemara.eu\/en\/wp-json\/wp\/v2\/comments?post=7105"}],"version-history":[{"count":10,"href":"https:\/\/nemara.eu\/en\/wp-json\/wp\/v2\/pages\/7105\/revisions"}],"predecessor-version":[{"id":7784,"href":"https:\/\/nemara.eu\/en\/wp-json\/wp\/v2\/pages\/7105\/revisions\/7784"}],"up":[{"embeddable":true,"href":"https:\/\/nemara.eu\/en\/wp-json\/wp\/v2\/pages\/7090"}],"wp:attachment":[{"href":"https:\/\/nemara.eu\/en\/wp-json\/wp\/v2\/media?parent=7105"}],"curies":[{"name":"wp","href":"https:\/\/api.w.org\/{rel}","templated":true}]}}