{"id":7081,"date":"2023-05-18T11:51:30","date_gmt":"2023-05-18T11:51:30","guid":{"rendered":"http:\/\/nemara.eu\/aviso-legal\/"},"modified":"2023-05-24T15:15:32","modified_gmt":"2023-05-24T15:15:32","slug":"legal-advice","status":"publish","type":"page","link":"https:\/\/nemara.eu\/en\/legal-advice\/","title":{"rendered":"Legal Advice"},"content":{"rendered":"\t\t<div data-elementor-type=\"wp-page\" data-elementor-id=\"7081\" class=\"elementor elementor-7081 elementor-5831\" data-elementor-post-type=\"page\">\n\t\t\t\t\t\t<section class=\"elementor-section elementor-top-section elementor-element elementor-element-9a4c200 ot-traditional elementor-section-boxed elementor-section-height-default elementor-section-height-default\" data-id=\"9a4c200\" data-element_type=\"section\" data-e-type=\"section\" data-settings=\"{&quot;background_background&quot;:&quot;classic&quot;}\">\n\t\t\t\t\t\t<div class=\"elementor-container elementor-column-gap-default\">\n\t\t\t\t\t<div class=\"elementor-column elementor-col-100 elementor-top-column elementor-element elementor-element-3fcfb9c ot-flex-column-vertical\" data-id=\"3fcfb9c\" data-element_type=\"column\" data-e-type=\"column\">\n\t\t\t<div class=\"elementor-widget-wrap elementor-element-populated\">\n\t\t\t\t\t\t<div class=\"elementor-element elementor-element-8e77825 elementor-widget elementor-widget-iheading\" data-id=\"8e77825\" data-element_type=\"widget\" data-e-type=\"widget\" data-widget_type=\"iheading.default\">\n\t\t\t\t<div class=\"elementor-widget-container\">\n\t\t\t\t\t\t\t<div class=\"ot-heading\">\r\n\t        <h1 class=\"main-heading\">Legal Notice<\/h1>\t    <\/div>\r\n\t    \t\t\t\t<\/div>\n\t\t\t\t<\/div>\n\t\t\t\t\t<\/div>\n\t\t<\/div>\n\t\t\t\t\t<\/div>\n\t\t<\/section>\n\t\t\t\t<section class=\"elementor-section elementor-top-section elementor-element elementor-element-03e8150 ot-traditional elementor-section-boxed elementor-section-height-default elementor-section-height-default\" data-id=\"03e8150\" data-element_type=\"section\" data-e-type=\"section\">\n\t\t\t\t\t\t<div class=\"elementor-container elementor-column-gap-default\">\n\t\t\t\t\t<div class=\"elementor-column elementor-col-100 elementor-top-column elementor-element elementor-element-8f4e339 ot-flex-column-vertical\" data-id=\"8f4e339\" data-element_type=\"column\" data-e-type=\"column\">\n\t\t\t<div class=\"elementor-widget-wrap elementor-element-populated\">\n\t\t\t\t\t\t<div class=\"elementor-element elementor-element-8be9a03 elementor-widget elementor-widget-text-editor\" data-id=\"8be9a03\" data-element_type=\"widget\" data-e-type=\"widget\" data-widget_type=\"text-editor.default\">\n\t\t\t\t<div class=\"elementor-widget-container\">\n\t\t\t\t\t\t\t\t\t<h2>LEGAL NOTICE<\/h2>\t\t\t\t\t\t\t\t<\/div>\n\t\t\t\t<\/div>\n\t\t\t\t<div class=\"elementor-element elementor-element-3807e9a elementor-widget elementor-widget-text-editor\" data-id=\"3807e9a\" data-element_type=\"widget\" data-e-type=\"widget\" data-widget_type=\"text-editor.default\">\n\t\t\t\t<div class=\"elementor-widget-container\">\n\t\t\t\t\t\t\t\t\tCONDITIONS OF USE OF THE WEBSITE OF KADION ESPECIALIDADES QU\u00cdMICAS, SL\t\t\t\t\t\t\t\t<\/div>\n\t\t\t\t<\/div>\n\t\t\t\t<div class=\"elementor-element elementor-element-19ec689 elementor-widget elementor-widget-text-editor\" data-id=\"19ec689\" data-element_type=\"widget\" data-e-type=\"widget\" data-widget_type=\"text-editor.default\">\n\t\t\t\t<div class=\"elementor-widget-container\">\n\t\t\t\t\t\t\t\t\tNEMARA RESEARCH SL, with registered office at Pol\u00edgono Industrial Can Jard\u00ed,  Pasaje Liszt, 7 08191 Rub\u00ed (Barcelona), Spain and C.I.F. number B-59194928, Phone: +34 935882474. E-Mail: admin@nemara.eu \t\t\t\t\t\t\t\t<\/div>\n\t\t\t\t<\/div>\n\t\t\t\t<div class=\"elementor-element elementor-element-ee2e97c elementor-widget elementor-widget-text-editor\" data-id=\"ee2e97c\" data-element_type=\"widget\" data-e-type=\"widget\" data-widget_type=\"text-editor.default\">\n\t\t\t\t<div class=\"elementor-widget-container\">\n\t\t\t\t\t\t\t\t\t<h2>I. General<\/h2>\t\t\t\t\t\t\t\t<\/div>\n\t\t\t\t<\/div>\n\t\t\t\t<div class=\"elementor-element elementor-element-172c772 elementor-widget elementor-widget-text-editor\" data-id=\"172c772\" data-element_type=\"widget\" data-e-type=\"widget\" data-widget_type=\"text-editor.default\">\n\t\t\t\t<div class=\"elementor-widget-container\">\n\t\t\t\t\t\t\t\t\t1.1. NEMARA RESEARCH SL is the owner of the website www.nemara.eu, and reports that the use of this website, as well as the use of all content offered on it is subject to these Terms and Conditions of Use.\t\t\t\t\t\t\t\t<\/div>\n\t\t\t\t<\/div>\n\t\t\t\t<div class=\"elementor-element elementor-element-4032581 elementor-widget elementor-widget-text-editor\" data-id=\"4032581\" data-element_type=\"widget\" data-e-type=\"widget\" data-widget_type=\"text-editor.default\">\n\t\t\t\t<div class=\"elementor-widget-container\">\n\t\t\t\t\t\t\t\t\t1.2. The use of the Web is free and automatically attributes the condition of User, implying the full acceptance of these General Conditions. These General Conditions, as well as their modifications or other legal notices will be available on the Web and will be understood to be in force from their publication on the same. \t\t\t\t\t\t\t\t<\/div>\n\t\t\t\t<\/div>\n\t\t\t\t<div class=\"elementor-element elementor-element-4650a2a elementor-widget elementor-widget-text-editor\" data-id=\"4650a2a\" data-element_type=\"widget\" data-e-type=\"widget\" data-widget_type=\"text-editor.default\">\n\t\t\t\t<div class=\"elementor-widget-container\">\n\t\t\t\t\t\t\t\t\t1.3. Certain Services or Content offered on the Web may be subject to &#8220;Special Conditions&#8221;, also made available to the User, which may supplement or replace these General Conditions with respect to the use of the specific service to which they refer.\t\t\t\t\t\t\t\t<\/div>\n\t\t\t\t<\/div>\n\t\t\t\t\t<\/div>\n\t\t<\/div>\n\t\t\t\t\t<\/div>\n\t\t<\/section>\n\t\t\t\t<section class=\"elementor-section elementor-top-section elementor-element elementor-element-ab5577f ot-traditional elementor-section-boxed elementor-section-height-default elementor-section-height-default\" data-id=\"ab5577f\" data-element_type=\"section\" data-e-type=\"section\">\n\t\t\t\t\t\t<div class=\"elementor-container elementor-column-gap-default\">\n\t\t\t\t\t<div class=\"elementor-column elementor-col-100 elementor-top-column elementor-element elementor-element-7608a69 ot-flex-column-vertical\" data-id=\"7608a69\" data-element_type=\"column\" data-e-type=\"column\">\n\t\t\t<div class=\"elementor-widget-wrap elementor-element-populated\">\n\t\t\t\t\t\t<div class=\"elementor-element elementor-element-bbaafcc elementor-widget elementor-widget-text-editor\" data-id=\"bbaafcc\" data-element_type=\"widget\" data-e-type=\"widget\" data-widget_type=\"text-editor.default\">\n\t\t\t\t<div class=\"elementor-widget-container\">\n\t\t\t\t\t\t\t\t\t<h2>II. Content<\/h2>\t\t\t\t\t\t\t\t<\/div>\n\t\t\t\t<\/div>\n\t\t\t\t<div class=\"elementor-element elementor-element-bd1956e elementor-widget elementor-widget-text-editor\" data-id=\"bd1956e\" data-element_type=\"widget\" data-e-type=\"widget\" data-widget_type=\"text-editor.default\">\n\t\t\t\t<div class=\"elementor-widget-container\">\n\t\t\t\t\t\t\t\t\t2.1. The Web offers articles, reports, and information and other content made by NEMARA RESEARCH SL for informational purposes only. The user is informed that such content may not reflect the latest legislative or jurisprudential status, NEMARA RESEARCH SL may modify, delete, develop, or update unilaterally without notice and without assuming any responsibility.\t\t\t\t\t\t\t\t<\/div>\n\t\t\t\t<\/div>\n\t\t\t\t<div class=\"elementor-element elementor-element-2efdfc5 elementor-widget elementor-widget-text-editor\" data-id=\"2efdfc5\" data-element_type=\"widget\" data-e-type=\"widget\" data-widget_type=\"text-editor.default\">\n\t\t\t\t<div class=\"elementor-widget-container\">\n\t\t\t\t\t\t\t\t\t2.2. The contents of the Web cannot be considered, in any case, as a substitute for legal advice or otherwise. Access to them is free and does not imply any relationship between consultant and client, or any other type of relationship of trust or professional between NEMARA RESEARCH SL and the User of the Web. The user should not act based on the information contained in the Web, without prior recourse to the corresponding professional advice.\t\t\t\t\t\t\t\t<\/div>\n\t\t\t\t<\/div>\n\t\t\t\t<div class=\"elementor-element elementor-element-5014718 elementor-widget elementor-widget-text-editor\" data-id=\"5014718\" data-element_type=\"widget\" data-e-type=\"widget\" data-widget_type=\"text-editor.default\">\n\t\t\t\t<div class=\"elementor-widget-container\">\n\t\t\t\t\t\t\t\t\t2.3. The hypertext links contained in the Web to other websites are included because they are considered interesting for the user. NEMARA RESEARCH SL has no control over such websites, so it is not responsible for their services, content, or the state of them.\t\t\t\t\t\t\t\t<\/div>\n\t\t\t\t<\/div>\n\t\t\t\t<div class=\"elementor-element elementor-element-80948ea elementor-widget elementor-widget-text-editor\" data-id=\"80948ea\" data-element_type=\"widget\" data-e-type=\"widget\" data-widget_type=\"text-editor.default\">\n\t\t\t\t<div class=\"elementor-widget-container\">\n\t\t\t\t\t\t\t\t\t2.4. By way of example, the User in accordance with current legislation must refrain from:\n<ul>\n \t<li>Reproduce, copy, distribute, make available, publicly communicate, transform, or modify the Content, except as authorized by law or expressly consented to by NEMARA RESEARCH SL or by whoever holds the ownership of the exploitation rights, if any.<\/li>\n \t<li>Reproduce or copy for private use the Contents that may be considered as Software or Database, in accordance with current legislation on intellectual property, as well as its public communication or making available to third parties when these acts necessarily imply the reproduction by the User or a third party.<\/li>\n \t<li>Extract and \/ or reuse all or a substantial part of the contents of the web, as well as the databases that NEMARA RESEARCH SL makes available to users.<\/li>\n<\/ul>\t\t\t\t\t\t\t\t<\/div>\n\t\t\t\t<\/div>\n\t\t\t\t\t<\/div>\n\t\t<\/div>\n\t\t\t\t\t<\/div>\n\t\t<\/section>\n\t\t\t\t<section class=\"elementor-section elementor-top-section elementor-element elementor-element-a550cb0 ot-traditional elementor-section-boxed elementor-section-height-default elementor-section-height-default\" data-id=\"a550cb0\" data-element_type=\"section\" data-e-type=\"section\">\n\t\t\t\t\t\t<div class=\"elementor-container elementor-column-gap-default\">\n\t\t\t\t\t<div class=\"elementor-column elementor-col-100 elementor-top-column elementor-element elementor-element-8715c15 ot-flex-column-vertical\" data-id=\"8715c15\" data-element_type=\"column\" data-e-type=\"column\">\n\t\t\t<div class=\"elementor-widget-wrap elementor-element-populated\">\n\t\t\t\t\t\t<div class=\"elementor-element elementor-element-b5bca32 elementor-widget elementor-widget-text-editor\" data-id=\"b5bca32\" data-element_type=\"widget\" data-e-type=\"widget\" data-widget_type=\"text-editor.default\">\n\t\t\t\t<div class=\"elementor-widget-container\">\n\t\t\t\t\t\t\t\t\t<h2>III. Limitation of liability<\/h2>\t\t\t\t\t\t\t\t<\/div>\n\t\t\t\t<\/div>\n\t\t\t\t<div class=\"elementor-element elementor-element-3697ac0 elementor-widget elementor-widget-text-editor\" data-id=\"3697ac0\" data-element_type=\"widget\" data-e-type=\"widget\" data-widget_type=\"text-editor.default\">\n\t\t\t\t<div class=\"elementor-widget-container\">\n\t\t\t\t\t\t\t\t\t3.1. Anyone who uses this website does so at their own risk. NEMARA RESEARCH SL does not guarantee that the Website will be uninterrupted, without delay, error, omission, or virus free. Consequently, the Web and its contents are provided &#8220;as is&#8221; without warranties of any kind, express or implied, it being clear that neither NEMARA RESEARCH SL, nor its partners, employees, or representatives, shall be liable for any errors or omissions in the Content or Services or for any damages arising from the use of this website, nor for any action taken on the basis of the information provided therein.\t\t\t\t\t\t\t\t<\/div>\n\t\t\t\t<\/div>\n\t\t\t\t\t<\/div>\n\t\t<\/div>\n\t\t\t\t\t<\/div>\n\t\t<\/section>\n\t\t\t\t<section class=\"elementor-section elementor-top-section elementor-element elementor-element-2448785 ot-traditional elementor-section-boxed elementor-section-height-default elementor-section-height-default\" data-id=\"2448785\" data-element_type=\"section\" data-e-type=\"section\">\n\t\t\t\t\t\t<div class=\"elementor-container elementor-column-gap-default\">\n\t\t\t\t\t<div class=\"elementor-column elementor-col-100 elementor-top-column elementor-element elementor-element-664b52a ot-flex-column-vertical\" data-id=\"664b52a\" data-element_type=\"column\" data-e-type=\"column\">\n\t\t\t<div class=\"elementor-widget-wrap elementor-element-populated\">\n\t\t\t\t\t\t<div class=\"elementor-element elementor-element-eaf06d5 elementor-widget elementor-widget-text-editor\" data-id=\"eaf06d5\" data-element_type=\"widget\" data-e-type=\"widget\" data-widget_type=\"text-editor.default\">\n\t\t\t\t<div class=\"elementor-widget-container\">\n\t\t\t\t\t\t\t\t\t<h2>IV. Industrial and Intellectual Property<\/h2>\t\t\t\t\t\t\t\t<\/div>\n\t\t\t\t<\/div>\n\t\t\t\t<div class=\"elementor-element elementor-element-fccc8ee elementor-widget elementor-widget-text-editor\" data-id=\"fccc8ee\" data-element_type=\"widget\" data-e-type=\"widget\" data-widget_type=\"text-editor.default\">\n\t\t\t\t<div class=\"elementor-widget-container\">\n\t\t\t\t\t\t\t\t\t4.1. The entire contents of this website, whether text, images, sound, files, trademarks, logos, color combinations, or any other element, its structure and design, selection and form of presentation of the contents included therein, and computer programs necessary for its operation, access and use, are protected by industrial and intellectual property rights, owned by NEMARA RESEARCH SL or, where appropriate, its licensors, which the user must respect.\t\t\t\t\t\t\t\t<\/div>\n\t\t\t\t<\/div>\n\t\t\t\t<div class=\"elementor-element elementor-element-0c297a5 elementor-widget elementor-widget-text-editor\" data-id=\"0c297a5\" data-element_type=\"widget\" data-e-type=\"widget\" data-widget_type=\"text-editor.default\">\n\t\t\t\t<div class=\"elementor-widget-container\">\n\t\t\t\t\t\t\t\t\t4.2. The temporary storage and reproduction of some or some of the contents of the Web, in order to be used for personal and non-commercial purposes is authorized. The reproduction, permanent storage and dissemination of the Contents of the Website or any use for public or commercial purposes is strictly prohibited without the prior written consent of NEMARA RESEARCH SL.\t\t\t\t\t\t\t\t<\/div>\n\t\t\t\t<\/div>\n\t\t\t\t\t<\/div>\n\t\t<\/div>\n\t\t\t\t\t<\/div>\n\t\t<\/section>\n\t\t\t\t<section class=\"elementor-section elementor-top-section elementor-element elementor-element-6dc07af ot-traditional elementor-section-boxed elementor-section-height-default elementor-section-height-default\" data-id=\"6dc07af\" data-element_type=\"section\" data-e-type=\"section\">\n\t\t\t\t\t\t<div class=\"elementor-container elementor-column-gap-default\">\n\t\t\t\t\t<div class=\"elementor-column elementor-col-100 elementor-top-column elementor-element elementor-element-278dec4 ot-flex-column-vertical\" data-id=\"278dec4\" data-element_type=\"column\" data-e-type=\"column\">\n\t\t\t<div class=\"elementor-widget-wrap elementor-element-populated\">\n\t\t\t\t\t\t<div class=\"elementor-element elementor-element-4f10840 elementor-widget elementor-widget-text-editor\" data-id=\"4f10840\" data-element_type=\"widget\" data-e-type=\"widget\" data-widget_type=\"text-editor.default\">\n\t\t\t\t<div class=\"elementor-widget-container\">\n\t\t\t\t\t\t\t\t\t<h2>V. Personal Data Protection Policy<\/h2>\t\t\t\t\t\t\t\t<\/div>\n\t\t\t\t<\/div>\n\t\t\t\t<div class=\"elementor-element elementor-element-7660e43 elementor-widget elementor-widget-text-editor\" data-id=\"7660e43\" data-element_type=\"widget\" data-e-type=\"widget\" data-widget_type=\"text-editor.default\">\n\t\t\t\t<div class=\"elementor-widget-container\">\n\t\t\t\t\t\t\t\t\t5.1. For the purposes of the provisions of the Organic Law 3\/2018, of December 5, Protection of Personal Data and guarantee of digital rights and other applicable legislation, NEMARA RESEARCH SL informs its customers and any third party who provides their personal data to this site about its policy of Protection of Personal Data, which is available on the Web, in the link &#8220;Data Protection&#8221;.\t\t\t\t\t\t\t\t<\/div>\n\t\t\t\t<\/div>\n\t\t\t\t\t<\/div>\n\t\t<\/div>\n\t\t\t\t\t<\/div>\n\t\t<\/section>\n\t\t\t\t<section class=\"elementor-section elementor-top-section elementor-element elementor-element-88dd9ee ot-traditional elementor-section-boxed elementor-section-height-default elementor-section-height-default\" data-id=\"88dd9ee\" data-element_type=\"section\" data-e-type=\"section\">\n\t\t\t\t\t\t<div class=\"elementor-container elementor-column-gap-default\">\n\t\t\t\t\t<div class=\"elementor-column elementor-col-100 elementor-top-column elementor-element elementor-element-9f0f9bf ot-flex-column-vertical\" data-id=\"9f0f9bf\" data-element_type=\"column\" data-e-type=\"column\">\n\t\t\t<div class=\"elementor-widget-wrap elementor-element-populated\">\n\t\t\t\t\t\t<div class=\"elementor-element elementor-element-15b89c0 elementor-widget elementor-widget-text-editor\" data-id=\"15b89c0\" data-element_type=\"widget\" data-e-type=\"widget\" data-widget_type=\"text-editor.default\">\n\t\t\t\t<div class=\"elementor-widget-container\">\n\t\t\t\t\t\t\t\t\t<h2>VI. Applicable Legislation<\/h2>\t\t\t\t\t\t\t\t<\/div>\n\t\t\t\t<\/div>\n\t\t\t\t<div class=\"elementor-element elementor-element-3161917 elementor-widget elementor-widget-text-editor\" data-id=\"3161917\" data-element_type=\"widget\" data-e-type=\"widget\" data-widget_type=\"text-editor.default\">\n\t\t\t\t<div class=\"elementor-widget-container\">\n\t\t\t\t\t\t\t\t\t6.1. These General Conditions of use of the Web and all relations established between the User and NEMARA RESEARCH SL, shall be governed by Spanish law.\t\t\t\t\t\t\t\t<\/div>\n\t\t\t\t<\/div>\n\t\t\t\t\t<\/div>\n\t\t<\/div>\n\t\t\t\t\t<\/div>\n\t\t<\/section>\n\t\t\t\t<\/div>\n\t\t","protected":false},"excerpt":{"rendered":"<p>Legal Notice LEGAL NOTICE CONDITIONS OF USE OF THE WEBSITE OF KADION ESPECIALIDADES QU\u00cdMICAS, SLNEMARA RESEARCH SL, with registered office at Pol\u00edgono Industrial Can Jard\u00ed, Pasaje Liszt, 7 08191 Rub\u00ed (Barcelona), Spain and C.I.F. number B-59194928, Phone: +34 935882474. E-Mail: admin@nemara.eu I. General 1.1. NEMARA RESEARCH SL is the owner of the website www.nemara.eu, and [&hellip;]<\/p>\n","protected":false},"author":1,"featured_media":0,"parent":0,"menu_order":0,"comment_status":"closed","ping_status":"closed","template":"elementor_header_footer","meta":{"footnotes":""},"class_list":["post-7081","page","type-page","status-publish","hentry"],"yoast_head":"<!-- This site is optimized with the Yoast SEO plugin v26.9 - https:\/\/yoast.com\/product\/yoast-seo-wordpress\/ -->\n<title>Legal Advice - NEMARA<\/title>\n<meta name=\"robots\" content=\"index, follow, max-snippet:-1, max-image-preview:large, max-video-preview:-1\" \/>\n<link rel=\"canonical\" href=\"https:\/\/nemara.eu\/en\/legal-advice\/\" \/>\n<meta property=\"og:locale\" content=\"en_US\" \/>\n<meta property=\"og:type\" content=\"article\" \/>\n<meta property=\"og:title\" content=\"Legal Advice - NEMARA\" \/>\n<meta property=\"og:description\" content=\"Legal Notice LEGAL NOTICE CONDITIONS OF USE OF THE WEBSITE OF KADION ESPECIALIDADES QU\u00cdMICAS, SLNEMARA RESEARCH SL, with registered office at Pol\u00edgono Industrial Can Jard\u00ed, Pasaje Liszt, 7 08191 Rub\u00ed (Barcelona), Spain and C.I.F. number B-59194928, Phone: +34 935882474. E-Mail: admin@nemara.eu I. General 1.1. NEMARA RESEARCH SL is the owner of the website www.nemara.eu, and [&hellip;]\" \/>\n<meta property=\"og:url\" content=\"https:\/\/nemara.eu\/en\/legal-advice\/\" \/>\n<meta property=\"og:site_name\" content=\"NEMARA\" \/>\n<meta property=\"article:modified_time\" content=\"2023-05-24T15:15:32+00:00\" \/>\n<meta name=\"twitter:card\" content=\"summary_large_image\" \/>\n<meta name=\"twitter:label1\" content=\"Est. reading time\" \/>\n\t<meta name=\"twitter:data1\" content=\"4 minutes\" \/>\n<script type=\"application\/ld+json\" class=\"yoast-schema-graph\">{\"@context\":\"https:\/\/schema.org\",\"@graph\":[{\"@type\":\"WebPage\",\"@id\":\"https:\/\/nemara.eu\/en\/legal-advice\/\",\"url\":\"https:\/\/nemara.eu\/en\/legal-advice\/\",\"name\":\"Legal Advice - NEMARA\",\"isPartOf\":{\"@id\":\"https:\/\/nemara.eu\/en\/#website\"},\"datePublished\":\"2023-05-18T11:51:30+00:00\",\"dateModified\":\"2023-05-24T15:15:32+00:00\",\"breadcrumb\":{\"@id\":\"https:\/\/nemara.eu\/en\/legal-advice\/#breadcrumb\"},\"inLanguage\":\"en-US\",\"potentialAction\":[{\"@type\":\"ReadAction\",\"target\":[\"https:\/\/nemara.eu\/en\/legal-advice\/\"]}]},{\"@type\":\"BreadcrumbList\",\"@id\":\"https:\/\/nemara.eu\/en\/legal-advice\/#breadcrumb\",\"itemListElement\":[{\"@type\":\"ListItem\",\"position\":1,\"name\":\"Portada\",\"item\":\"https:\/\/nemara.eu\/en\/\"},{\"@type\":\"ListItem\",\"position\":2,\"name\":\"Legal Advice\"}]},{\"@type\":\"WebSite\",\"@id\":\"https:\/\/nemara.eu\/en\/#website\",\"url\":\"https:\/\/nemara.eu\/en\/\",\"name\":\"NEMARA\",\"description\":\"Dise\u00f1amos, fabricamos y suministramos soluciones personalizadas para pol\u00edmeros\",\"publisher\":{\"@id\":\"https:\/\/nemara.eu\/en\/#organization\"},\"potentialAction\":[{\"@type\":\"SearchAction\",\"target\":{\"@type\":\"EntryPoint\",\"urlTemplate\":\"https:\/\/nemara.eu\/en\/?s={search_term_string}\"},\"query-input\":{\"@type\":\"PropertyValueSpecification\",\"valueRequired\":true,\"valueName\":\"search_term_string\"}}],\"inLanguage\":\"en-US\"},{\"@type\":\"Organization\",\"@id\":\"https:\/\/nemara.eu\/en\/#organization\",\"name\":\"NEMARA\",\"url\":\"https:\/\/nemara.eu\/en\/\",\"logo\":{\"@type\":\"ImageObject\",\"inLanguage\":\"en-US\",\"@id\":\"https:\/\/nemara.eu\/en\/#\/schema\/logo\/image\/\",\"url\":\"https:\/\/nemara.eu\/wp-content\/uploads\/2023\/05\/logo.png\",\"contentUrl\":\"https:\/\/nemara.eu\/wp-content\/uploads\/2023\/05\/logo.png\",\"width\":156,\"height\":40,\"caption\":\"NEMARA\"},\"image\":{\"@id\":\"https:\/\/nemara.eu\/en\/#\/schema\/logo\/image\/\"}}]}<\/script>\n<!-- \/ Yoast SEO plugin. -->","yoast_head_json":{"title":"Legal Advice - NEMARA","robots":{"index":"index","follow":"follow","max-snippet":"max-snippet:-1","max-image-preview":"max-image-preview:large","max-video-preview":"max-video-preview:-1"},"canonical":"https:\/\/nemara.eu\/en\/legal-advice\/","og_locale":"en_US","og_type":"article","og_title":"Legal Advice - NEMARA","og_description":"Legal Notice LEGAL NOTICE CONDITIONS OF USE OF THE WEBSITE OF KADION ESPECIALIDADES QU\u00cdMICAS, SLNEMARA RESEARCH SL, with registered office at Pol\u00edgono Industrial Can Jard\u00ed, Pasaje Liszt, 7 08191 Rub\u00ed (Barcelona), Spain and C.I.F. number B-59194928, Phone: +34 935882474. E-Mail: admin@nemara.eu I. General 1.1. NEMARA RESEARCH SL is the owner of the website www.nemara.eu, and [&hellip;]","og_url":"https:\/\/nemara.eu\/en\/legal-advice\/","og_site_name":"NEMARA","article_modified_time":"2023-05-24T15:15:32+00:00","twitter_card":"summary_large_image","twitter_misc":{"Est. reading time":"4 minutes"},"schema":{"@context":"https:\/\/schema.org","@graph":[{"@type":"WebPage","@id":"https:\/\/nemara.eu\/en\/legal-advice\/","url":"https:\/\/nemara.eu\/en\/legal-advice\/","name":"Legal Advice - NEMARA","isPartOf":{"@id":"https:\/\/nemara.eu\/en\/#website"},"datePublished":"2023-05-18T11:51:30+00:00","dateModified":"2023-05-24T15:15:32+00:00","breadcrumb":{"@id":"https:\/\/nemara.eu\/en\/legal-advice\/#breadcrumb"},"inLanguage":"en-US","potentialAction":[{"@type":"ReadAction","target":["https:\/\/nemara.eu\/en\/legal-advice\/"]}]},{"@type":"BreadcrumbList","@id":"https:\/\/nemara.eu\/en\/legal-advice\/#breadcrumb","itemListElement":[{"@type":"ListItem","position":1,"name":"Portada","item":"https:\/\/nemara.eu\/en\/"},{"@type":"ListItem","position":2,"name":"Legal Advice"}]},{"@type":"WebSite","@id":"https:\/\/nemara.eu\/en\/#website","url":"https:\/\/nemara.eu\/en\/","name":"NEMARA","description":"Dise\u00f1amos, fabricamos y suministramos soluciones personalizadas para pol\u00edmeros","publisher":{"@id":"https:\/\/nemara.eu\/en\/#organization"},"potentialAction":[{"@type":"SearchAction","target":{"@type":"EntryPoint","urlTemplate":"https:\/\/nemara.eu\/en\/?s={search_term_string}"},"query-input":{"@type":"PropertyValueSpecification","valueRequired":true,"valueName":"search_term_string"}}],"inLanguage":"en-US"},{"@type":"Organization","@id":"https:\/\/nemara.eu\/en\/#organization","name":"NEMARA","url":"https:\/\/nemara.eu\/en\/","logo":{"@type":"ImageObject","inLanguage":"en-US","@id":"https:\/\/nemara.eu\/en\/#\/schema\/logo\/image\/","url":"https:\/\/nemara.eu\/wp-content\/uploads\/2023\/05\/logo.png","contentUrl":"https:\/\/nemara.eu\/wp-content\/uploads\/2023\/05\/logo.png","width":156,"height":40,"caption":"NEMARA"},"image":{"@id":"https:\/\/nemara.eu\/en\/#\/schema\/logo\/image\/"}}]}},"_links":{"self":[{"href":"https:\/\/nemara.eu\/en\/wp-json\/wp\/v2\/pages\/7081","targetHints":{"allow":["GET"]}}],"collection":[{"href":"https:\/\/nemara.eu\/en\/wp-json\/wp\/v2\/pages"}],"about":[{"href":"https:\/\/nemara.eu\/en\/wp-json\/wp\/v2\/types\/page"}],"author":[{"embeddable":true,"href":"https:\/\/nemara.eu\/en\/wp-json\/wp\/v2\/users\/1"}],"replies":[{"embeddable":true,"href":"https:\/\/nemara.eu\/en\/wp-json\/wp\/v2\/comments?post=7081"}],"version-history":[{"count":6,"href":"https:\/\/nemara.eu\/en\/wp-json\/wp\/v2\/pages\/7081\/revisions"}],"predecessor-version":[{"id":7239,"href":"https:\/\/nemara.eu\/en\/wp-json\/wp\/v2\/pages\/7081\/revisions\/7239"}],"wp:attachment":[{"href":"https:\/\/nemara.eu\/en\/wp-json\/wp\/v2\/media?parent=7081"}],"curies":[{"name":"wp","href":"https:\/\/api.w.org\/{rel}","templated":true}]}}